{"id":713,"date":"2022-07-27T08:06:49","date_gmt":"2022-07-27T08:06:49","guid":{"rendered":"https:\/\/sobaagencycorporate.com\/about\/"},"modified":"2025-11-23T07:47:30","modified_gmt":"2025-11-23T07:47:30","slug":"about","status":"publish","type":"page","link":"https:\/\/sobaagencycorporate.com\/?page_id=713","title":{"rendered":"About"},"content":{"rendered":"\t\t<div data-elementor-type=\"wp-page\" data-elementor-id=\"713\" class=\"elementor elementor-713\" data-elementor-settings=\"{&quot;element_pack_global_tooltip_width&quot;:{&quot;unit&quot;:&quot;px&quot;,&quot;size&quot;:&quot;&quot;,&quot;sizes&quot;:[]},&quot;element_pack_global_tooltip_width_tablet&quot;:{&quot;unit&quot;:&quot;px&quot;,&quot;size&quot;:&quot;&quot;,&quot;sizes&quot;:[]},&quot;element_pack_global_tooltip_width_mobile&quot;:{&quot;unit&quot;:&quot;px&quot;,&quot;size&quot;:&quot;&quot;,&quot;sizes&quot;:[]},&quot;element_pack_global_tooltip_padding&quot;:{&quot;unit&quot;:&quot;px&quot;,&quot;top&quot;:&quot;&quot;,&quot;right&quot;:&quot;&quot;,&quot;bottom&quot;:&quot;&quot;,&quot;left&quot;:&quot;&quot;,&quot;isLinked&quot;:true},&quot;element_pack_global_tooltip_padding_tablet&quot;:{&quot;unit&quot;:&quot;px&quot;,&quot;top&quot;:&quot;&quot;,&quot;right&quot;:&quot;&quot;,&quot;bottom&quot;:&quot;&quot;,&quot;left&quot;:&quot;&quot;,&quot;isLinked&quot;:true},&quot;element_pack_global_tooltip_padding_mobile&quot;:{&quot;unit&quot;:&quot;px&quot;,&quot;top&quot;:&quot;&quot;,&quot;right&quot;:&quot;&quot;,&quot;bottom&quot;:&quot;&quot;,&quot;left&quot;:&quot;&quot;,&quot;isLinked&quot;:true},&quot;element_pack_global_tooltip_border_radius&quot;:{&quot;unit&quot;:&quot;px&quot;,&quot;top&quot;:&quot;&quot;,&quot;right&quot;:&quot;&quot;,&quot;bottom&quot;:&quot;&quot;,&quot;left&quot;:&quot;&quot;,&quot;isLinked&quot;:true},&quot;element_pack_global_tooltip_border_radius_tablet&quot;:{&quot;unit&quot;:&quot;px&quot;,&quot;top&quot;:&quot;&quot;,&quot;right&quot;:&quot;&quot;,&quot;bottom&quot;:&quot;&quot;,&quot;left&quot;:&quot;&quot;,&quot;isLinked&quot;:true},&quot;element_pack_global_tooltip_border_radius_mobile&quot;:{&quot;unit&quot;:&quot;px&quot;,&quot;top&quot;:&quot;&quot;,&quot;right&quot;:&quot;&quot;,&quot;bottom&quot;:&quot;&quot;,&quot;left&quot;:&quot;&quot;,&quot;isLinked&quot;:true}}\">\n\t\t\t\t\t\t<div class=\"elementor-section elementor-top-section elementor-element elementor-element-b99fe92 elementor-section-boxed elementor-section-height-default elementor-section-height-default\" data-id=\"b99fe92\" data-element_type=\"section\">\n\t\t\t\t\t\t<div class=\"elementor-container elementor-column-gap-default\">\n\t\t\t\t\t<div class=\"elementor-column elementor-col-100 elementor-top-column elementor-element elementor-element-92cc813\" data-id=\"92cc813\" data-element_type=\"column\">\n\t\t\t<div class=\"elementor-widget-wrap elementor-element-populated\">\n\t\t\t\t\t\t<div class=\"elementor-element elementor-element-7e0b92e elementor-invisible elementor-widget elementor-widget-heading\" data-id=\"7e0b92e\" data-element_type=\"widget\" data-settings=\"{&quot;_animation&quot;:&quot;fadeInDown&quot;}\" data-widget_type=\"heading.default\">\n\t\t\t\t\t<h5 class=\"elementor-heading-title elementor-size-default\">About Us<\/h5>\t\t\t\t<\/div>\n\t\t\t\t<div class=\"elementor-element elementor-element-48ae10c elementor-widget-tablet__width-initial elementor-widget__width-initial ui-e-a-animate elementor-invisible elementor-widget elementor-widget-highlighted-text\" data-id=\"48ae10c\" data-element_type=\"widget\" data-settings=\"{&quot;_animation&quot;:&quot;fadeInDown&quot;}\" data-widget_type=\"highlighted-text.default\">\n\t\t\t\t\t        <h1 class=\"ui-e--highlighted-text\">\n            <span class=\"ui-e-headline-text elementor-repeater-item-dc068de\">We\u2019re on a mission to empowering start-ups<\/span><span class=\"ui-e-headline-text elementor-repeater-item-ade6a67 ui-e-headline-stroke1\">\n\t\t\t\t\t\t\t\t\t<span class=\"whitespace\"><\/span>\n                                    <span>\n                                        <span class=\"ui-e-headline-text ui-e-headline-highlighted\">worldwide.<\/span><span class=\"uicore-svg-wrapper\"><svg xmlns=\"http:\/\/www.w3.org\/2000\/svg\" viewBox=\"0 0 500 150\" preserveAspectRatio=\"none\"><path d='M15.2,133.3L15.2,133.3c121.9-7.6,244-9.9,366.1-6.8c34.6,0.9,69.1,2.3,103.7,4' \/><\/svg><\/span><\/span> <span class=\"whitespace\"> <\/span><\/span>        <\/h1>\n    \t\t\t\t<\/div>\n\t\t\t\t<div class=\"elementor-element elementor-element-bbdbb98 elementor-widget-tablet__width-initial elementor-widget__width-initial elementor-invisible elementor-widget elementor-widget-text-editor\" data-id=\"bbdbb98\" data-element_type=\"widget\" data-settings=\"{&quot;_animation&quot;:&quot;fadeInDown&quot;}\" data-widget_type=\"text-editor.default\">\n\t\t\t\t\t\t\t\t\tAmet aliquam nam felis malesuada ultrices sit amet vestibulum dignissim. Sed non id fames eget habitant. Vestibulum in mi enim vel quam vestibulum ut ut lorem.\t\t\t\t\t\t\t\t<\/div>\n\t\t\t\t<div class=\"elementor-element elementor-element-fbe7a38 elementor-invisible elementor-widget elementor-widget-image\" data-id=\"fbe7a38\" data-element_type=\"widget\" data-settings=\"{&quot;_animation&quot;:&quot;fadeInUp&quot;}\" data-widget_type=\"image.default\">\n\t\t\t\t\t\t\t\t\t\t\t\t\t\t\t<img fetchpriority=\"high\" decoding=\"async\" width=\"480\" height=\"270\" src=\"https:\/\/sobaagencycorporate.com\/wp-content\/uploads\/2025\/11\/giphy-5.gif\" class=\"attachment-2048x2048 size-2048x2048 wp-image-968\" alt=\"giphy (5)\" title=\"About\">\t\t\t\t\t\t\t\t\t\t\t\t\t\t\t<\/div>\n\t\t\t\t\t<\/div>\n\t\t<\/div>\n\t\t\t\t\t<\/div>\n\t\t<\/div>\n\t\t\t\t<section class=\"elementor-section elementor-top-section elementor-element elementor-element-cff357a elementor-section-boxed elementor-section-height-default elementor-section-height-default\" data-id=\"cff357a\" data-element_type=\"section\">\n\t\t\t\t\t\t<div class=\"elementor-container elementor-column-gap-default\">\n\t\t\t\t\t<div class=\"elementor-column elementor-col-100 elementor-top-column elementor-element elementor-element-819d7b8\" data-id=\"819d7b8\" data-element_type=\"column\">\n\t\t\t<div class=\"elementor-widget-wrap elementor-element-populated\">\n\t\t\t\t\t\t<div class=\"elementor-element elementor-element-840e253 elementor-widget elementor-widget-heading\" data-id=\"840e253\" data-element_type=\"widget\" data-widget_type=\"heading.default\">\n\t\t\t\t\t<h2 class=\"elementor-heading-title elementor-size-default\">Our core values<\/h2>\t\t\t\t<\/div>\n\t\t\t\t<div class=\"elementor-element elementor-element-4269469 elementor-widget__width-initial elementor-widget elementor-widget-text-editor\" data-id=\"4269469\" data-element_type=\"widget\" data-widget_type=\"text-editor.default\">\n\t\t\t\t\t\t\t\t\t<p>Placerat nunc amet sapien neque, purus cras. Elementum viverra egestas fames ornare sed arcu. Consectetur cras vitae orci.<\/p>\t\t\t\t\t\t\t\t<\/div>\n\t\t\t\t<section class=\"elementor-section elementor-inner-section elementor-element elementor-element-bc394af elementor-section-boxed elementor-section-height-default elementor-section-height-default\" data-id=\"bc394af\" data-element_type=\"section\">\n\t\t\t\t\t\t<div class=\"elementor-container elementor-column-gap-custom\">\n\t\t\t\t\t<div class=\"elementor-column elementor-col-25 elementor-inner-column elementor-element elementor-element-9a56640\" data-id=\"9a56640\" data-element_type=\"column\">\n\t\t\t<div class=\"elementor-widget-wrap elementor-element-populated\">\n\t\t\t\t\t\t<div class=\"elementor-element elementor-element-192853e bdt-icon-type-icon bdt-icon-effect-none elementor-widget elementor-widget-bdt-advanced-icon-box\" data-id=\"192853e\" data-element_type=\"widget\" data-widget_type=\"bdt-advanced-icon-box.default\">\n\t\t\t\t\t\t\t<div class=\"bdt-ep-advanced-icon-box\">\n\n\t\t\t\t\t\t\t\n\t\t\n\t\t\t\t\n\t\t\t<div class=\"bdt-ep-advanced-icon-box-content\">\n\n\t\t\t\t\t\t\t\t\t\n\t\t\t\t\t<div class=\"bdt-ep-advanced-icon-box-title ep-title-\">\n\t\t\t\t<span >\n\t\t\t\t\t01\t\t\t\t<\/span>\n\t\t\t<\/div>\n\t\t\n\n\t\t\t\t\t<div class=\"bdt-ep-advanced-icon-box-sub-title\">\n\t\t\t\tPeople First\t\t\t<\/div>\n\t\t\n\t\t\t\t\t\n\t\t\t\t\n\t\t\t\t\t\t\t\t\t<div class=\"bdt-ep-advanced-icon-box-description\">\n\t\t\t\t\t\tEgestas dignissim tortor quis in aenean pharetra pharetra, eros, commodo. Adipiscing hac.\t\t\t\t\t<\/div>\n\t\t\t\t\n\t\t\t\t\t\t\t<\/div>\n\t\t<\/div>\n\n\t\t\n\t\t\n\t\t\t\t<\/div>\n\t\t\t\t\t<\/div>\n\t\t<\/div>\n\t\t\t\t<div class=\"elementor-column elementor-col-25 elementor-inner-column elementor-element elementor-element-9b4d37d\" data-id=\"9b4d37d\" data-element_type=\"column\">\n\t\t\t<div class=\"elementor-widget-wrap elementor-element-populated\">\n\t\t\t\t\t\t<div class=\"elementor-element elementor-element-bd6b7e4 bdt-icon-type-icon bdt-icon-effect-none elementor-widget elementor-widget-bdt-advanced-icon-box\" data-id=\"bd6b7e4\" data-element_type=\"widget\" data-widget_type=\"bdt-advanced-icon-box.default\">\n\t\t\t\t\t\t\t<div class=\"bdt-ep-advanced-icon-box\">\n\n\t\t\t\t\t\t\t\n\t\t\n\t\t\t\t\n\t\t\t<div class=\"bdt-ep-advanced-icon-box-content\">\n\n\t\t\t\t\t\t\t\t\t\n\t\t\t\t\t<div class=\"bdt-ep-advanced-icon-box-title ep-title-\">\n\t\t\t\t<span >\n\t\t\t\t\t02\t\t\t\t<\/span>\n\t\t\t<\/div>\n\t\t\n\n\t\t\t\t\t<div class=\"bdt-ep-advanced-icon-box-sub-title\">\n\t\t\t\tIntegrity\t\t\t<\/div>\n\t\t\n\t\t\t\t\t\n\t\t\t\t\n\t\t\t\t\t\t\t\t\t<div class=\"bdt-ep-advanced-icon-box-description\">\n\t\t\t\t\t\tSuspendisse consectetur elit, purus quis id sem quam quisque. Eget tortor tortor leo faucibus.\t\t\t\t\t<\/div>\n\t\t\t\t\n\t\t\t\t\t\t\t<\/div>\n\t\t<\/div>\n\n\t\t\n\t\t\n\t\t\t\t<\/div>\n\t\t\t\t\t<\/div>\n\t\t<\/div>\n\t\t\t\t<div class=\"elementor-column elementor-col-25 elementor-inner-column elementor-element elementor-element-d1219bd\" data-id=\"d1219bd\" data-element_type=\"column\">\n\t\t\t<div class=\"elementor-widget-wrap elementor-element-populated\">\n\t\t\t\t\t\t<div class=\"elementor-element elementor-element-2884a2e bdt-icon-type-icon bdt-icon-effect-none elementor-widget elementor-widget-bdt-advanced-icon-box\" data-id=\"2884a2e\" data-element_type=\"widget\" data-widget_type=\"bdt-advanced-icon-box.default\">\n\t\t\t\t\t\t\t<div class=\"bdt-ep-advanced-icon-box\">\n\n\t\t\t\t\t\t\t\n\t\t\n\t\t\t\t\n\t\t\t<div class=\"bdt-ep-advanced-icon-box-content\">\n\n\t\t\t\t\t\t\t\t\t\n\t\t\t\t\t<div class=\"bdt-ep-advanced-icon-box-title ep-title-\">\n\t\t\t\t<span >\n\t\t\t\t\t03\t\t\t\t<\/span>\n\t\t\t<\/div>\n\t\t\n\n\t\t\t\t\t<div class=\"bdt-ep-advanced-icon-box-sub-title\">\n\t\t\t\tQuality\t\t\t<\/div>\n\t\t\n\t\t\t\t\t\n\t\t\t\t\n\t\t\t\t\t\t\t\t\t<div class=\"bdt-ep-advanced-icon-box-description\">\n\t\t\t\t\t\tMassa est senectus sapien ultrices volutpat. Posuere risus proin integer. Adipiscing elit.\t\t\t\t\t<\/div>\n\t\t\t\t\n\t\t\t\t\t\t\t<\/div>\n\t\t<\/div>\n\n\t\t\n\t\t\n\t\t\t\t<\/div>\n\t\t\t\t\t<\/div>\n\t\t<\/div>\n\t\t\t\t<div class=\"elementor-column elementor-col-25 elementor-inner-column elementor-element elementor-element-a773e64\" data-id=\"a773e64\" data-element_type=\"column\">\n\t\t\t<div class=\"elementor-widget-wrap elementor-element-populated\">\n\t\t\t\t\t\t<div class=\"elementor-element elementor-element-a60010a bdt-icon-type-icon bdt-icon-effect-none elementor-widget elementor-widget-bdt-advanced-icon-box\" data-id=\"a60010a\" data-element_type=\"widget\" data-widget_type=\"bdt-advanced-icon-box.default\">\n\t\t\t\t\t\t\t<div class=\"bdt-ep-advanced-icon-box\">\n\n\t\t\t\t\t\t\t\n\t\t\n\t\t\t\t\n\t\t\t<div class=\"bdt-ep-advanced-icon-box-content\">\n\n\t\t\t\t\t\t\t\t\t\n\t\t\t\t\t<div class=\"bdt-ep-advanced-icon-box-title ep-title-\">\n\t\t\t\t<span >\n\t\t\t\t\t04\t\t\t\t<\/span>\n\t\t\t<\/div>\n\t\t\n\n\t\t\t\t\t<div class=\"bdt-ep-advanced-icon-box-sub-title\">\n\t\t\t\tGoal Centered\t\t\t<\/div>\n\t\t\n\t\t\t\t\t\n\t\t\t\t\n\t\t\t\t\t\t\t\t\t<div class=\"bdt-ep-advanced-icon-box-description\">\n\t\t\t\t\t\t<p>Tempor dolor eros luctus at sagittis ut egestas tristique. Non unc vulputate accumsan, ornare.<\/p>\t\t\t\t\t<\/div>\n\t\t\t\t\n\t\t\t\t\t\t\t<\/div>\n\t\t<\/div>\n\n\t\t\n\t\t\n\t\t\t\t<\/div>\n\t\t\t\t\t<\/div>\n\t\t<\/div>\n\t\t\t\t\t<\/div>\n\t\t<\/section>\n\t\t\t\t\t<\/div>\n\t\t<\/div>\n\t\t\t\t\t<\/div>\n\t\t<\/section>\n\t\t\t\t<section class=\"elementor-section elementor-top-section elementor-element elementor-element-uk6qj7r elementor-section-boxed elementor-section-height-default elementor-section-height-default\" data-id=\"uk6qj7r\" data-element_type=\"section\" data-settings=\"{&quot;background_background&quot;:&quot;classic&quot;}\">\n\t\t\t\t\t\t<div class=\"elementor-container elementor-column-gap-default\">\n\t\t\t\t\t<div class=\"elementor-column elementor-col-50 elementor-top-column elementor-element elementor-element-9abba43\" data-id=\"9abba43\" data-element_type=\"column\" data-settings=\"{&quot;background_background&quot;:&quot;classic&quot;}\">\n\t\t\t<div class=\"elementor-widget-wrap elementor-element-populated\">\n\t\t\t\t\t\t<div class=\"elementor-element elementor-element-4cd994d elementor-widget elementor-widget-image\" data-id=\"4cd994d\" data-element_type=\"widget\" data-widget_type=\"image.default\">\n\t\t\t\t\t\t\t\t\t\t\t\t\t\t\t<img decoding=\"async\" width=\"629\" height=\"1024\" src=\"https:\/\/sobaagencycorporate.com\/wp-content\/uploads\/2025\/11\/C0080.00_33_41d_17.Still022-629x1024.jpg\" class=\"attachment-large size-large wp-image-970\" alt=\"c0080.00 33 41d 17.still022\" srcset=\"https:\/\/sobaagencycorporate.com\/wp-content\/uploads\/2025\/11\/C0080.00_33_41d_17.Still022-629x1024.jpg 629w, https:\/\/sobaagencycorporate.com\/wp-content\/uploads\/2025\/11\/C0080.00_33_41d_17.Still022-184x300.jpg 184w, https:\/\/sobaagencycorporate.com\/wp-content\/uploads\/2025\/11\/C0080.00_33_41d_17.Still022-768x1251.jpg 768w, https:\/\/sobaagencycorporate.com\/wp-content\/uploads\/2025\/11\/C0080.00_33_41d_17.Still022-943x1536.jpg 943w, https:\/\/sobaagencycorporate.com\/wp-content\/uploads\/2025\/11\/C0080.00_33_41d_17.Still022-1257x2048.jpg 1257w, https:\/\/sobaagencycorporate.com\/wp-content\/uploads\/2025\/11\/C0080.00_33_41d_17.Still022-399x650.jpg 399w, https:\/\/sobaagencycorporate.com\/wp-content\/uploads\/2025\/11\/C0080.00_33_41d_17.Still022-600x977.jpg 600w, https:\/\/sobaagencycorporate.com\/wp-content\/uploads\/2025\/11\/C0080.00_33_41d_17.Still022.jpg 1326w\" sizes=\"(max-width: 629px) 100vw, 629px\" title=\"About\">\t\t\t\t\t\t\t\t\t\t\t\t\t\t\t<\/div>\n\t\t\t\t\t<\/div>\n\t\t<\/div>\n\t\t\t\t<div class=\"elementor-column elementor-col-50 elementor-top-column elementor-element elementor-element-f088365\" data-id=\"f088365\" data-element_type=\"column\">\n\t\t\t<div class=\"elementor-widget-wrap elementor-element-populated\">\n\t\t\t\t\t\t<div class=\"elementor-element elementor-element-6ae79fb elementor-widget elementor-widget-heading\" data-id=\"6ae79fb\" data-element_type=\"widget\" data-widget_type=\"heading.default\">\n\t\t\t\t\t<h4 class=\"elementor-heading-title elementor-size-default\">Vid\u00e9aste R\u00e9alisateur depuis 2011<\/h4>\t\t\t\t<\/div>\n\t\t\t\t<div class=\"elementor-element elementor-element-e7d1eaf elementor-widget elementor-widget-heading\" data-id=\"e7d1eaf\" data-element_type=\"widget\" data-widget_type=\"heading.default\">\n\t\t\t\t\t<h2 class=\"elementor-heading-title elementor-size-default\">Christin NZOBADILA-BELA<\/h2>\t\t\t\t<\/div>\n\t\t\t\t<div class=\"elementor-element elementor-element-01dd3f1 elementor-widget elementor-widget-text-editor\" data-id=\"01dd3f1\" data-element_type=\"widget\" data-widget_type=\"text-editor.default\">\n\t\t\t\t\t\t\t\t\t<p data-start=\"86\" data-end=\"456\">Photographe et vid\u00e9aste professionnel, j\u2019ai d\u00e9but\u00e9 ma carri\u00e8re en 2011 comme photographe de mode en Asie du Sud, collaborant avec des magazines de renom tels que <em data-start=\"278\" data-end=\"299\">Vogue, Harper\u2019s, ID<\/em> et <em data-start=\"303\" data-end=\"318\">Men\u2019s Fashion<\/em>. En 2015, j\u2019op\u00e8re une transition vers la vid\u00e9o, explorant diff\u00e9rents formats : documentaire, interview corporate et contenu promotionnel.<\/p><p data-start=\"458\" data-end=\"760\">J\u2019ai cofond\u00e9 un studio de cr\u00e9ation de contenu et travaill\u00e9 pour de grandes marques et institutions telles que Lanc\u00f4me, Sanofi Pasteur, Boehringer, Total E&amp;P Congo et Chevron Texaco en Angola. J\u2019ai \u00e9galement \u00e9t\u00e9 vid\u00e9aste attitr\u00e9 de plusieurs personnalit\u00e9s politiques africaines pendant plusieurs ann\u00e9es.<\/p><p data-start=\"762\" data-end=\"872\">Aujourd\u2019hui, je mets mon expertise au service de projets audiovisuels \u00e0 forte valeur narrative et strat\u00e9gique.<\/p>\t\t\t\t\t\t\t\t<\/div>\n\t\t\t\t\t<\/div>\n\t\t<\/div>\n\t\t\t\t\t<\/div>\n\t\t<\/section>\n\t\t\t\t<section class=\"elementor-section elementor-top-section elementor-element elementor-element-17f8972 elementor-section-boxed elementor-section-height-default elementor-section-height-default\" data-id=\"17f8972\" data-element_type=\"section\" data-settings=\"{&quot;background_background&quot;:&quot;classic&quot;}\">\n\t\t\t\t\t\t<div class=\"elementor-container elementor-column-gap-default\">\n\t\t\t\t\t<div class=\"elementor-column elementor-col-50 elementor-top-column elementor-element elementor-element-ba83936\" data-id=\"ba83936\" data-element_type=\"column\" data-settings=\"{&quot;background_background&quot;:&quot;classic&quot;}\">\n\t\t\t<div class=\"elementor-widget-wrap elementor-element-populated\">\n\t\t\t\t\t\t<div class=\"elementor-element elementor-element-3f3e412 elementor-widget elementor-widget-image\" data-id=\"3f3e412\" data-element_type=\"widget\" data-widget_type=\"image.default\">\n\t\t\t\t\t\t\t\t\t\t\t\t\t\t\t<img decoding=\"async\" width=\"1440\" height=\"1800\" src=\"https:\/\/sobaagencycorporate.com\/wp-content\/uploads\/2025\/11\/185286355_4313673462022894_4402918829303770918_n.jpg\" class=\"attachment-2048x2048 size-2048x2048 wp-image-966\" alt=\"185286355 4313673462022894 4402918829303770918 n\" srcset=\"https:\/\/sobaagencycorporate.com\/wp-content\/uploads\/2025\/11\/185286355_4313673462022894_4402918829303770918_n.jpg 1440w, https:\/\/sobaagencycorporate.com\/wp-content\/uploads\/2025\/11\/185286355_4313673462022894_4402918829303770918_n-240x300.jpg 240w, https:\/\/sobaagencycorporate.com\/wp-content\/uploads\/2025\/11\/185286355_4313673462022894_4402918829303770918_n-819x1024.jpg 819w, https:\/\/sobaagencycorporate.com\/wp-content\/uploads\/2025\/11\/185286355_4313673462022894_4402918829303770918_n-768x960.jpg 768w, https:\/\/sobaagencycorporate.com\/wp-content\/uploads\/2025\/11\/185286355_4313673462022894_4402918829303770918_n-1229x1536.jpg 1229w, https:\/\/sobaagencycorporate.com\/wp-content\/uploads\/2025\/11\/185286355_4313673462022894_4402918829303770918_n-520x650.jpg 520w, https:\/\/sobaagencycorporate.com\/wp-content\/uploads\/2025\/11\/185286355_4313673462022894_4402918829303770918_n-600x750.jpg 600w\" sizes=\"(max-width: 1440px) 100vw, 1440px\" title=\"About\">\t\t\t\t\t\t\t\t\t\t\t\t\t\t\t<\/div>\n\t\t\t\t\t<\/div>\n\t\t<\/div>\n\t\t\t\t<div class=\"elementor-column elementor-col-50 elementor-top-column elementor-element elementor-element-997ed43\" data-id=\"997ed43\" data-element_type=\"column\">\n\t\t\t<div class=\"elementor-widget-wrap elementor-element-populated\">\n\t\t\t\t\t\t<div class=\"elementor-element elementor-element-20a78d0 elementor-widget elementor-widget-heading\" data-id=\"20a78d0\" data-element_type=\"widget\" data-widget_type=\"heading.default\">\n\t\t\t\t\t<h4 class=\"elementor-heading-title elementor-size-default\">Photographer Auteur   depuis 2010\u200b<\/h4>\t\t\t\t<\/div>\n\t\t\t\t<div class=\"elementor-element elementor-element-40178ff elementor-widget elementor-widget-heading\" data-id=\"40178ff\" data-element_type=\"widget\" data-widget_type=\"heading.default\">\n\t\t\t\t\t<h2 class=\"elementor-heading-title elementor-size-default\">Jean FOTSO<\/h2>\t\t\t\t<\/div>\n\t\t\t\t<div class=\"elementor-element elementor-element-97896fe elementor-widget elementor-widget-text-editor\" data-id=\"97896fe\" data-element_type=\"widget\" data-widget_type=\"text-editor.default\">\n\t\t\t\t\t\t\t\t\t<p>Photographe professionnel \u00e0 Lyon depuis plus de 15 ans, je suis sp\u00e9cialis\u00e9 en photographie d\u2019entreprise. Form\u00e9 \u00e0 l\u2019\u00c9cole de Cond\u00e9 de Lyon, j\u2019ai b\u00e9n\u00e9fici\u00e9 d\u2019un enseignement dispens\u00e9 par des experts en reportage, portrait et photographie de studio.<\/p><p data-start=\"323\" data-end=\"528\">Mon approche vise \u00e0 capturer l\u2019essence de chaque instant pour cr\u00e9er des images fortes, authentiques et m\u00e9morables. Je r\u00e9alise des portraits, des reportages d\u2019\u00e9v\u00e9nements et des projets \u00e0 vocation narrative.<\/p><p data-start=\"530\" data-end=\"756\">J\u2019ai collabor\u00e9 avec de grandes entreprises telles que Sanofi Pasteur, Boehringer Ingelheim et Areva, ainsi qu\u2019avec des agences de communication, entrepreneurs et freelances en qu\u00eate d\u2019une communication visuelle diff\u00e9renciante.<\/p><p data-start=\"758\" data-end=\"853\">Pour une image institutionnelle impactante et professionnelle, faites appel \u00e0 un regard expert.<\/p>\t\t\t\t\t\t\t\t<\/div>\n\t\t\t\t\t<\/div>\n\t\t<\/div>\n\t\t\t\t\t<\/div>\n\t\t<\/section>\n\t\t\t\t<\/div>\n\t\t","protected":false},"excerpt":{"rendered":"<p>About Us We\u2019re on a mission to empowering start-ups worldwide. Amet aliquam [&hellip;]<\/p>\n","protected":false},"author":1,"featured_media":0,"parent":0,"menu_order":0,"comment_status":"closed","ping_status":"closed","template":"","meta":{"footnotes":""},"class_list":["post-713","page","type-page","status-publish","hentry"],"_hostinger_reach_plugin_has_subscription_block":false,"_hostinger_reach_plugin_is_elementor":false,"_links":{"self":[{"href":"https:\/\/sobaagencycorporate.com\/index.php?rest_route=\/wp\/v2\/pages\/713","targetHints":{"allow":["GET"]}}],"collection":[{"href":"https:\/\/sobaagencycorporate.com\/index.php?rest_route=\/wp\/v2\/pages"}],"about":[{"href":"https:\/\/sobaagencycorporate.com\/index.php?rest_route=\/wp\/v2\/types\/page"}],"author":[{"embeddable":true,"href":"https:\/\/sobaagencycorporate.com\/index.php?rest_route=\/wp\/v2\/users\/1"}],"replies":[{"embeddable":true,"href":"https:\/\/sobaagencycorporate.com\/index.php?rest_route=%2Fwp%2Fv2%2Fcomments&post=713"}],"version-history":[{"count":45,"href":"https:\/\/sobaagencycorporate.com\/index.php?rest_route=\/wp\/v2\/pages\/713\/revisions"}],"predecessor-version":[{"id":1021,"href":"https:\/\/sobaagencycorporate.com\/index.php?rest_route=\/wp\/v2\/pages\/713\/revisions\/1021"}],"wp:attachment":[{"href":"https:\/\/sobaagencycorporate.com\/index.php?rest_route=%2Fwp%2Fv2%2Fmedia&parent=713"}],"curies":[{"name":"wp","href":"https:\/\/api.w.org\/{rel}","templated":true}]}}